{"id":4205,"date":"2021-02-10T17:07:36","date_gmt":"2021-02-10T17:07:36","guid":{"rendered":"https:\/\/www.periscope365.com\/trang-chu\/"},"modified":"2022-05-03T15:58:24","modified_gmt":"2022-05-03T15:58:24","slug":"trang-chu","status":"publish","type":"page","link":"https:\/\/stage-wp.periscope365.com\/vi\/","title":{"rendered":"Trang ch\u1ee7"},"content":{"rendered":"\t\t<div data-elementor-type=\"wp-page\" data-elementor-id=\"4205\" class=\"elementor elementor-4205 elementor-11\">\n\t\t\t\t\t\t\t\t\t<div class=\"elementor-section elementor-top-section elementor-element elementor-element-2b5f6bb elementor-section-boxed elementor-section-height-default elementor-section-height-default\" data-id=\"2b5f6bb\" data-element_type=\"section\" data-settings=\"{&quot;background_background&quot;:&quot;classic&quot;}\">\n\t\t\t\t\t\t<div class=\"elementor-container elementor-column-gap-wide\">\n\t\t\t\t\t<div class=\"elementor-column elementor-col-100 elementor-top-column elementor-element elementor-element-b03d6e8\" data-id=\"b03d6e8\" data-element_type=\"column\">\n\t\t\t<div class=\"elementor-widget-wrap elementor-element-populated\">\n\t\t\t\t\t\t\t\t<div class=\"elementor-element elementor-element-2e4a6fa elementor-widget__width-initial elementor-widget-tablet__width-initial elementor-widget elementor-widget-heading\" data-id=\"2e4a6fa\" data-element_type=\"widget\" data-widget_type=\"heading.default\">\n\t\t\t\t<div class=\"elementor-widget-container\">\n\t\t\t<h1 class=\"elementor-heading-title elementor-size-default\">Th\u00f4ng tin b\u1ea1n c\u1ea7n.<\/h1>\t\t<\/div>\n\t\t\t\t<\/div>\n\t\t\t\t<div class=\"elementor-element elementor-element-59e83d2 elementor-widget elementor-widget-spacer\" data-id=\"59e83d2\" data-element_type=\"widget\" data-widget_type=\"spacer.default\">\n\t\t\t\t<div class=\"elementor-widget-container\">\n\t\t\t\t\t<div class=\"elementor-spacer\">\n\t\t\t<div class=\"elementor-spacer-inner\"><\/div>\n\t\t<\/div>\n\t\t\t\t<\/div>\n\t\t\t\t<\/div>\n\t\t\t\t<div class=\"elementor-element elementor-element-be20da5 elementor-widget__width-initial elementor-widget-tablet__width-initial elementor-widget elementor-widget-text-editor\" data-id=\"be20da5\" data-element_type=\"widget\" data-widget_type=\"text-editor.default\">\n\t\t\t\t<div class=\"elementor-widget-container\">\n\t\t\t\t\t\t\t<p>C\u00e1c \u0111\u00e1nh gi\u00e1 chuy\u00ean gia, kh\u00e1ch quan v\u00e0 k\u1ecbp th\u1eddi c\u1ee7a ch\u00fang t\u00f4i cung c\u1ea5p cho kh\u00e1ch h\u00e0ng th\u00f4ng tin quan tr\u1ecdng, n\u1ebfu kh\u00f4ng th\u00ec h\u1ecd kh\u00f4ng c\u00f3 s\u1eb5n, \u0111\u1ec3 c\u1ea3i thi\u1ec7n \u0111\u1ed9 ch\u00ednh x\u00e1c trong vi\u1ec7c ra quy\u1ebft \u0111\u1ecbnh c\u1ee7a h\u1ecd.<\/p>\t\t\t\t\t\t<\/div>\n\t\t\t\t<\/div>\n\t\t\t\t<div class=\"elementor-element elementor-element-8fce747 elementor-mobile-align-center elementor-widget elementor-widget-button\" data-id=\"8fce747\" data-element_type=\"widget\" data-widget_type=\"button.default\">\n\t\t\t\t<div class=\"elementor-widget-container\">\n\t\t\t\t\t<div class=\"elementor-button-wrapper\">\n\t\t\t<a class=\"elementor-button elementor-button-link elementor-size-sm\" href=\"https:\/\/www.periscope365.com\/vi\/dich-vu\/\">\n\t\t\t\t\t\t<span class=\"elementor-button-content-wrapper\">\n\t\t\t\t\t\t<span class=\"elementor-button-text\">Ch\u00fang ta l\u00e0m g\u00ec?<\/span>\n\t\t<\/span>\n\t\t\t\t\t<\/a>\n\t\t<\/div>\n\t\t\t\t<\/div>\n\t\t\t\t<\/div>\n\t\t\t\t\t<\/div>\n\t\t<\/div>\n\t\t\t\t\t\t\t<\/div>\n\t\t<\/div>\n\t\t\t\t<div class=\"elementor-section elementor-top-section elementor-element elementor-element-c84cf1b elementor-section-boxed elementor-section-height-default elementor-section-height-default\" data-id=\"c84cf1b\" data-element_type=\"section\">\n\t\t\t\t\t\t<div class=\"elementor-container elementor-column-gap-wide\">\n\t\t\t\t\t<div class=\"elementor-column elementor-col-33 elementor-top-column elementor-element elementor-element-4339589\" data-id=\"4339589\" data-element_type=\"column\">\n\t\t\t<div class=\"elementor-widget-wrap elementor-element-populated\">\n\t\t\t\t\t\t\t\t<section class=\"elementor-section elementor-inner-section elementor-element elementor-element-a003671 elementor-section-boxed elementor-section-height-default elementor-section-height-default\" data-id=\"a003671\" data-element_type=\"section\">\n\t\t\t\t\t\t<div class=\"elementor-container elementor-column-gap-no\">\n\t\t\t\t\t<div class=\"elementor-column elementor-col-50 elementor-inner-column elementor-element elementor-element-c1c821c\" data-id=\"c1c821c\" data-element_type=\"column\">\n\t\t\t<div class=\"elementor-widget-wrap elementor-element-populated\">\n\t\t\t\t\t\t\t\t<div class=\"elementor-element elementor-element-575701e elementor-view-default elementor-widget elementor-widget-icon\" data-id=\"575701e\" data-element_type=\"widget\" data-widget_type=\"icon.default\">\n\t\t\t\t<div class=\"elementor-widget-container\">\n\t\t\t\t\t<div class=\"elementor-icon-wrapper\">\n\t\t\t<div class=\"elementor-icon\">\n\t\t\t<i aria-hidden=\"true\" class=\"fas fa-check\"><\/i>\t\t\t<\/div>\n\t\t<\/div>\n\t\t\t\t<\/div>\n\t\t\t\t<\/div>\n\t\t\t\t\t<\/div>\n\t\t<\/div>\n\t\t\t\t<div class=\"elementor-column elementor-col-50 elementor-inner-column elementor-element elementor-element-7d4d36e\" data-id=\"7d4d36e\" data-element_type=\"column\">\n\t\t\t<div class=\"elementor-widget-wrap elementor-element-populated\">\n\t\t\t\t\t\t\t\t<div class=\"elementor-element elementor-element-5bddd1a elementor-widget__width-initial elementor-widget elementor-widget-heading\" data-id=\"5bddd1a\" data-element_type=\"widget\" data-widget_type=\"heading.default\">\n\t\t\t\t<div class=\"elementor-widget-container\">\n\t\t\t<h3 class=\"elementor-heading-title elementor-size-default\">Chuy\u00ean m\u00f4n trong ng\u00e0nh<\/h3>\t\t<\/div>\n\t\t\t\t<\/div>\n\t\t\t\t<div class=\"elementor-element elementor-element-8ba48b0 elementor-widget__width-auto elementor-widget elementor-widget-heading\" data-id=\"8ba48b0\" data-element_type=\"widget\" data-widget_type=\"heading.default\">\n\t\t\t\t<div class=\"elementor-widget-container\">\n\t\t\t<div class=\"elementor-heading-title elementor-size-default\">C\u00e1c chuy\u00ean gia t\u01b0 v\u1ea5n l\u00e2m s\u00e0ng \u0111\u01b0\u1ee3c \u0111\u00e0o t\u1ea1o chuy\u00ean s\u00e2u, c\u00f3 ch\u1ee9ng ch\u1ec9 v\u00e0 \u0111\u01b0\u1ee3c c\u1ea5p ph\u00e9p c\u1ee7a ch\u00fang t\u00f4i cung c\u1ea5p th\u00f4ng tin chi ti\u1ebft chuy\u00ean s\u00e2u - t\u1ea5t c\u1ea3 th\u00f4ng tin b\u1ea1n c\u1ea7n<\/div>\t\t<\/div>\n\t\t\t\t<\/div>\n\t\t\t\t\t<\/div>\n\t\t<\/div>\n\t\t\t\t\t\t\t<\/div>\n\t\t<\/section>\n\t\t\t\t\t<\/div>\n\t\t<\/div>\n\t\t\t\t<div class=\"elementor-column elementor-col-33 elementor-top-column elementor-element elementor-element-e75d24d\" data-id=\"e75d24d\" data-element_type=\"column\">\n\t\t\t<div class=\"elementor-widget-wrap elementor-element-populated\">\n\t\t\t\t\t\t\t\t<section class=\"elementor-section elementor-inner-section elementor-element elementor-element-ce997d2 elementor-section-boxed elementor-section-height-default elementor-section-height-default\" data-id=\"ce997d2\" data-element_type=\"section\">\n\t\t\t\t\t\t<div class=\"elementor-container elementor-column-gap-no\">\n\t\t\t\t\t<div class=\"elementor-column elementor-col-50 elementor-inner-column elementor-element elementor-element-9dd4b0c\" data-id=\"9dd4b0c\" data-element_type=\"column\">\n\t\t\t<div class=\"elementor-widget-wrap elementor-element-populated\">\n\t\t\t\t\t\t\t\t<div class=\"elementor-element elementor-element-f748449 elementor-view-default elementor-widget elementor-widget-icon\" data-id=\"f748449\" data-element_type=\"widget\" data-widget_type=\"icon.default\">\n\t\t\t\t<div class=\"elementor-widget-container\">\n\t\t\t\t\t<div class=\"elementor-icon-wrapper\">\n\t\t\t<div class=\"elementor-icon\">\n\t\t\t<i aria-hidden=\"true\" class=\"fas fa-handshake\"><\/i>\t\t\t<\/div>\n\t\t<\/div>\n\t\t\t\t<\/div>\n\t\t\t\t<\/div>\n\t\t\t\t\t<\/div>\n\t\t<\/div>\n\t\t\t\t<div class=\"elementor-column elementor-col-50 elementor-inner-column elementor-element elementor-element-3ce38c1\" data-id=\"3ce38c1\" data-element_type=\"column\">\n\t\t\t<div class=\"elementor-widget-wrap elementor-element-populated\">\n\t\t\t\t\t\t\t\t<div class=\"elementor-element elementor-element-cd05e2b elementor-widget__width-initial elementor-widget elementor-widget-heading\" data-id=\"cd05e2b\" data-element_type=\"widget\" data-widget_type=\"heading.default\">\n\t\t\t\t<div class=\"elementor-widget-container\">\n\t\t\t<h3 class=\"elementor-heading-title elementor-size-default\">Quan h\u1ec7 \u0111\u1ed1i t\u00e1c b\u1ec1n ch\u1eb7t<\/h3>\t\t<\/div>\n\t\t\t\t<\/div>\n\t\t\t\t<div class=\"elementor-element elementor-element-b59af08 elementor-widget__width-auto elementor-widget elementor-widget-heading\" data-id=\"b59af08\" data-element_type=\"widget\" data-widget_type=\"heading.default\">\n\t\t\t\t<div class=\"elementor-widget-container\">\n\t\t\t<div class=\"elementor-heading-title elementor-size-default\">Ch\u00fang t\u00f4i t\u1ea1o \u0111\u01b0\u1ee3c ni\u1ec1m tin v\u00e0 s\u1ef1 t\u1ef1 tin c\u1ee7a b\u1ea1n v\u1edbi s\u1ef1 c\u1ed9ng t\u00e1c nh\u1ea5t qu\u00e1n, t\u00ednh chuy\u00ean nghi\u1ec7p v\u00e0 s\u1ef1 nhanh ch\u00f3ng<\/div>\t\t<\/div>\n\t\t\t\t<\/div>\n\t\t\t\t\t<\/div>\n\t\t<\/div>\n\t\t\t\t\t\t\t<\/div>\n\t\t<\/section>\n\t\t\t\t\t<\/div>\n\t\t<\/div>\n\t\t\t\t<div class=\"elementor-column elementor-col-33 elementor-top-column elementor-element elementor-element-63848f8\" data-id=\"63848f8\" data-element_type=\"column\">\n\t\t\t<div class=\"elementor-widget-wrap elementor-element-populated\">\n\t\t\t\t\t\t\t\t<section class=\"elementor-section elementor-inner-section elementor-element elementor-element-8ff34d5 elementor-section-boxed elementor-section-height-default elementor-section-height-default\" data-id=\"8ff34d5\" data-element_type=\"section\">\n\t\t\t\t\t\t<div class=\"elementor-container elementor-column-gap-no\">\n\t\t\t\t\t<div class=\"elementor-column elementor-col-50 elementor-inner-column elementor-element elementor-element-5f1c36e\" data-id=\"5f1c36e\" data-element_type=\"column\">\n\t\t\t<div class=\"elementor-widget-wrap elementor-element-populated\">\n\t\t\t\t\t\t\t\t<div class=\"elementor-element elementor-element-becd1b0 elementor-view-default elementor-widget elementor-widget-icon\" data-id=\"becd1b0\" data-element_type=\"widget\" data-widget_type=\"icon.default\">\n\t\t\t\t<div class=\"elementor-widget-container\">\n\t\t\t\t\t<div class=\"elementor-icon-wrapper\">\n\t\t\t<div class=\"elementor-icon\">\n\t\t\t<i aria-hidden=\"true\" class=\"fas fa-balance-scale\"><\/i>\t\t\t<\/div>\n\t\t<\/div>\n\t\t\t\t<\/div>\n\t\t\t\t<\/div>\n\t\t\t\t\t<\/div>\n\t\t<\/div>\n\t\t\t\t<div class=\"elementor-column elementor-col-50 elementor-inner-column elementor-element elementor-element-4cf53f3\" data-id=\"4cf53f3\" data-element_type=\"column\">\n\t\t\t<div class=\"elementor-widget-wrap elementor-element-populated\">\n\t\t\t\t\t\t\t\t<div class=\"elementor-element elementor-element-d2d5722 elementor-widget__width-auto elementor-widget elementor-widget-heading\" data-id=\"d2d5722\" data-element_type=\"widget\" data-widget_type=\"heading.default\">\n\t\t\t\t<div class=\"elementor-widget-container\">\n\t\t\t<h3 class=\"elementor-heading-title elementor-size-default\">Ch\u0103m s\u00f3c s\u1ee9c kh\u1ecfe ph\u00f9 h\u1ee3p<\/h3>\t\t<\/div>\n\t\t\t\t<\/div>\n\t\t\t\t<div class=\"elementor-element elementor-element-c573aeb elementor-widget__width-auto elementor-widget elementor-widget-heading\" data-id=\"c573aeb\" data-element_type=\"widget\" data-widget_type=\"heading.default\">\n\t\t\t\t<div class=\"elementor-widget-container\">\n\t\t\t<div class=\"elementor-heading-title elementor-size-default\">Ch\u00fang t\u00f4i cung c\u1ea5p c\u00e1c \u0111\u1ec1 xu\u1ea5t ph\u00f9 h\u1ee3p cho \u0111\u00fang ng\u01b0\u1eddi v\u00e0o \u0111\u00fang th\u1eddi \u0111i\u1ec3m<\/div>\t\t<\/div>\n\t\t\t\t<\/div>\n\t\t\t\t\t<\/div>\n\t\t<\/div>\n\t\t\t\t\t\t\t<\/div>\n\t\t<\/section>\n\t\t\t\t\t<\/div>\n\t\t<\/div>\n\t\t\t\t\t\t\t<\/div>\n\t\t<\/div>\n\t\t<!-- dce invisible element 4daedf8 -->\t\t\t\t\t<\/div>\n\t\t","protected":false},"excerpt":{"rendered":"<p>Th\u00f4ng tin b\u1ea1n c\u1ea7n. C\u00e1c \u0111\u00e1nh gi\u00e1 chuy\u00ean gia, kh\u00e1ch quan v\u00e0 k\u1ecbp th\u1eddi c\u1ee7a ch\u00fang t\u00f4i cung c\u1ea5p cho kh\u00e1ch h\u00e0ng th\u00f4ng tin&hellip;<\/p>\n","protected":false},"author":1,"featured_media":0,"parent":0,"menu_order":0,"comment_status":"closed","ping_status":"closed","template":"","meta":{"footnotes":""},"class_list":["post-4205","page","type-page","status-publish","hentry","no-view-share"],"yoast_head":"<!-- This site is optimized with the Yoast SEO plugin v23.8 - https:\/\/yoast.com\/wordpress\/plugins\/seo\/ -->\n<title>Trang ch\u1ee7 | Periscope<\/title>\n<meta name=\"description\" content=\"Our expert, objective, and timely assessments provide clients critical information, otherwise unavailable to them, to improve their decision-making accuracy.\" \/>\n<meta name=\"robots\" content=\"index, follow, max-snippet:-1, max-image-preview:large, max-video-preview:-1\" \/>\n<link rel=\"canonical\" href=\"https:\/\/stage-wp.periscope365.com\/\" \/>\n<meta property=\"og:locale\" content=\"vi_VN\" \/>\n<meta property=\"og:type\" content=\"article\" \/>\n<meta property=\"og:title\" content=\"Trang ch\u1ee7 | Periscope\" \/>\n<meta property=\"og:description\" content=\"Our expert, objective, and timely assessments provide clients critical information, otherwise unavailable to them, to improve their decision-making accuracy.\" \/>\n<meta property=\"og:url\" content=\"https:\/\/stage-wp.periscope365.com\/\" \/>\n<meta property=\"og:site_name\" content=\"Periscope\" \/>\n<meta property=\"article:modified_time\" content=\"2022-05-03T15:58:24+00:00\" \/>\n<meta property=\"og:image\" content=\"https:\/\/stage-wp.periscope365.com\/wp-content\/uploads\/2024\/10\/BigPeriscopeLogo.png\" \/>\n\t<meta property=\"og:image:width\" content=\"547\" \/>\n\t<meta property=\"og:image:height\" content=\"492\" \/>\n\t<meta property=\"og:image:type\" content=\"image\/png\" \/>\n<meta name=\"twitter:card\" content=\"summary_large_image\" \/>\n<meta name=\"twitter:label1\" content=\"Est. reading time\" \/>\n\t<meta name=\"twitter:data1\" content=\"1 minute\" \/>\n<script type=\"application\/ld+json\" class=\"yoast-schema-graph\">{\"@context\":\"https:\/\/schema.org\",\"@graph\":[{\"@type\":\"WebPage\",\"@id\":\"https:\/\/stage-wp.periscope365.com\/\",\"url\":\"https:\/\/stage-wp.periscope365.com\/\",\"name\":\"Trang ch\u1ee7 | Periscope\",\"isPartOf\":{\"@id\":\"https:\/\/stage-wp.periscope365.com\/#website\"},\"datePublished\":\"2021-02-10T17:07:36+00:00\",\"dateModified\":\"2022-05-03T15:58:24+00:00\",\"description\":\"Our expert, objective, and timely assessments provide clients critical information, otherwise unavailable to them, to improve their decision-making accuracy.\",\"breadcrumb\":{\"@id\":\"https:\/\/stage-wp.periscope365.com\/#breadcrumb\"},\"inLanguage\":\"vi-VN\",\"potentialAction\":[{\"@type\":\"ReadAction\",\"target\":[\"https:\/\/stage-wp.periscope365.com\/\"]}]},{\"@type\":\"BreadcrumbList\",\"@id\":\"https:\/\/stage-wp.periscope365.com\/#breadcrumb\",\"itemListElement\":[{\"@type\":\"ListItem\",\"position\":1,\"name\":\"Home\",\"item\":\"https:\/\/stage-wp.periscope365.com\/\"},{\"@type\":\"ListItem\",\"position\":2,\"name\":\"Trang ch\u1ee7\"}]},{\"@type\":\"WebSite\",\"@id\":\"https:\/\/stage-wp.periscope365.com\/#website\",\"url\":\"https:\/\/stage-wp.periscope365.com\/\",\"name\":\"periscope365.com\",\"description\":\"Home Care\",\"publisher\":{\"@id\":\"https:\/\/stage-wp.periscope365.com\/#organization\"},\"potentialAction\":[{\"@type\":\"SearchAction\",\"target\":{\"@type\":\"EntryPoint\",\"urlTemplate\":\"https:\/\/stage-wp.periscope365.com\/?s={search_term_string}\"},\"query-input\":{\"@type\":\"PropertyValueSpecification\",\"valueRequired\":true,\"valueName\":\"search_term_string\"}}],\"inLanguage\":\"vi-VN\"},{\"@type\":\"Organization\",\"@id\":\"https:\/\/stage-wp.periscope365.com\/#organization\",\"name\":\"Periscope\",\"url\":\"https:\/\/stage-wp.periscope365.com\/\",\"logo\":{\"@type\":\"ImageObject\",\"inLanguage\":\"vi-VN\",\"@id\":\"https:\/\/stage-wp.periscope365.com\/#\/schema\/logo\/image\/\",\"url\":\"https:\/\/stage-wp.periscope365.com\/wp-content\/uploads\/2024\/10\/BigPeriscopeLogo.png\",\"contentUrl\":\"https:\/\/stage-wp.periscope365.com\/wp-content\/uploads\/2024\/10\/BigPeriscopeLogo.png\",\"width\":547,\"height\":492,\"caption\":\"Periscope\"},\"image\":{\"@id\":\"https:\/\/stage-wp.periscope365.com\/#\/schema\/logo\/image\/\"}}]}<\/script>\n<!-- \/ Yoast SEO plugin. -->","yoast_head_json":{"title":"Trang ch\u1ee7 | Periscope","description":"Our expert, objective, and timely assessments provide clients critical information, otherwise unavailable to them, to improve their decision-making accuracy.","robots":{"index":"index","follow":"follow","max-snippet":"max-snippet:-1","max-image-preview":"max-image-preview:large","max-video-preview":"max-video-preview:-1"},"canonical":"https:\/\/stage-wp.periscope365.com\/","og_locale":"vi_VN","og_type":"article","og_title":"Trang ch\u1ee7 | Periscope","og_description":"Our expert, objective, and timely assessments provide clients critical information, otherwise unavailable to them, to improve their decision-making accuracy.","og_url":"https:\/\/stage-wp.periscope365.com\/","og_site_name":"Periscope","article_modified_time":"2022-05-03T15:58:24+00:00","og_image":[{"width":547,"height":492,"url":"https:\/\/stage-wp.periscope365.com\/wp-content\/uploads\/2024\/10\/BigPeriscopeLogo.png","type":"image\/png"}],"twitter_card":"summary_large_image","twitter_misc":{"Est. reading time":"1 minute"},"schema":{"@context":"https:\/\/schema.org","@graph":[{"@type":"WebPage","@id":"https:\/\/stage-wp.periscope365.com\/","url":"https:\/\/stage-wp.periscope365.com\/","name":"Trang ch\u1ee7 | Periscope","isPartOf":{"@id":"https:\/\/stage-wp.periscope365.com\/#website"},"datePublished":"2021-02-10T17:07:36+00:00","dateModified":"2022-05-03T15:58:24+00:00","description":"Our expert, objective, and timely assessments provide clients critical information, otherwise unavailable to them, to improve their decision-making accuracy.","breadcrumb":{"@id":"https:\/\/stage-wp.periscope365.com\/#breadcrumb"},"inLanguage":"vi-VN","potentialAction":[{"@type":"ReadAction","target":["https:\/\/stage-wp.periscope365.com\/"]}]},{"@type":"BreadcrumbList","@id":"https:\/\/stage-wp.periscope365.com\/#breadcrumb","itemListElement":[{"@type":"ListItem","position":1,"name":"Home","item":"https:\/\/stage-wp.periscope365.com\/"},{"@type":"ListItem","position":2,"name":"Trang ch\u1ee7"}]},{"@type":"WebSite","@id":"https:\/\/stage-wp.periscope365.com\/#website","url":"https:\/\/stage-wp.periscope365.com\/","name":"periscope365.com","description":"Home Care","publisher":{"@id":"https:\/\/stage-wp.periscope365.com\/#organization"},"potentialAction":[{"@type":"SearchAction","target":{"@type":"EntryPoint","urlTemplate":"https:\/\/stage-wp.periscope365.com\/?s={search_term_string}"},"query-input":{"@type":"PropertyValueSpecification","valueRequired":true,"valueName":"search_term_string"}}],"inLanguage":"vi-VN"},{"@type":"Organization","@id":"https:\/\/stage-wp.periscope365.com\/#organization","name":"Periscope","url":"https:\/\/stage-wp.periscope365.com\/","logo":{"@type":"ImageObject","inLanguage":"vi-VN","@id":"https:\/\/stage-wp.periscope365.com\/#\/schema\/logo\/image\/","url":"https:\/\/stage-wp.periscope365.com\/wp-content\/uploads\/2024\/10\/BigPeriscopeLogo.png","contentUrl":"https:\/\/stage-wp.periscope365.com\/wp-content\/uploads\/2024\/10\/BigPeriscopeLogo.png","width":547,"height":492,"caption":"Periscope"},"image":{"@id":"https:\/\/stage-wp.periscope365.com\/#\/schema\/logo\/image\/"}}]}},"_links":{"self":[{"href":"https:\/\/stage-wp.periscope365.com\/vi\/wp-json\/wp\/v2\/pages\/4205"}],"collection":[{"href":"https:\/\/stage-wp.periscope365.com\/vi\/wp-json\/wp\/v2\/pages"}],"about":[{"href":"https:\/\/stage-wp.periscope365.com\/vi\/wp-json\/wp\/v2\/types\/page"}],"author":[{"embeddable":true,"href":"https:\/\/stage-wp.periscope365.com\/vi\/wp-json\/wp\/v2\/users\/1"}],"replies":[{"embeddable":true,"href":"https:\/\/stage-wp.periscope365.com\/vi\/wp-json\/wp\/v2\/comments?post=4205"}],"version-history":[{"count":3,"href":"https:\/\/stage-wp.periscope365.com\/vi\/wp-json\/wp\/v2\/pages\/4205\/revisions"}],"predecessor-version":[{"id":4208,"href":"https:\/\/stage-wp.periscope365.com\/vi\/wp-json\/wp\/v2\/pages\/4205\/revisions\/4208"}],"wp:attachment":[{"href":"https:\/\/stage-wp.periscope365.com\/vi\/wp-json\/wp\/v2\/media?parent=4205"}],"curies":[{"name":"wp","href":"https:\/\/api.w.org\/{rel}","templated":true}]}}