{"id":4195,"date":"2021-06-29T12:45:09","date_gmt":"2021-06-29T12:45:09","guid":{"rendered":"https:\/\/www.periscope365.com\/lam-viec-voi-chung-toi\/"},"modified":"2022-05-03T15:51:09","modified_gmt":"2022-05-03T15:51:09","slug":"lam-viec-voi-chung-toi","status":"publish","type":"page","link":"https:\/\/stage-wp.periscope365.com\/vi\/lam-viec-voi-chung-toi\/","title":{"rendered":"L\u00e0m vi\u1ec7c v\u1edbi ch\u00fang t\u00f4i"},"content":{"rendered":"\t\t<div data-elementor-type=\"wp-page\" data-elementor-id=\"4195\" class=\"elementor elementor-4195 elementor-1328\">\n\t\t\t\t\t\t\t\t\t<div class=\"elementor-section elementor-top-section elementor-element elementor-element-f881e64 elementor-section-boxed elementor-section-height-default elementor-section-height-default\" data-id=\"f881e64\" data-element_type=\"section\" data-settings=\"{&quot;background_background&quot;:&quot;classic&quot;}\">\n\t\t\t\t\t\t<div class=\"elementor-container elementor-column-gap-wide\">\n\t\t\t\t\t<div class=\"elementor-column elementor-col-100 elementor-top-column elementor-element elementor-element-b87b4f9\" data-id=\"b87b4f9\" data-element_type=\"column\">\n\t\t\t<div class=\"elementor-widget-wrap elementor-element-populated\">\n\t\t\t\t\t\t\t\t<div class=\"elementor-element elementor-element-39ec72f elementor-widget elementor-widget-heading\" data-id=\"39ec72f\" data-element_type=\"widget\" data-widget_type=\"heading.default\">\n\t\t\t\t<div class=\"elementor-widget-container\">\n\t\t\t<h1 class=\"elementor-heading-title elementor-size-default\">L\u00e0m vi\u1ec7c v\u1edbi ch\u00fang t\u00f4i<\/h1>\t\t<\/div>\n\t\t\t\t<\/div>\n\t\t\t\t<div class=\"elementor-element elementor-element-ebb6a6d elementor-widget elementor-widget-text-editor\" data-id=\"ebb6a6d\" data-element_type=\"widget\" data-widget_type=\"text-editor.default\">\n\t\t\t\t<div class=\"elementor-widget-container\">\n\t\t\t\t\t\t\t<p>B\u1ea1n mu\u1ed1n l\u00e0m vi\u1ec7c trong m\u1ed9t c\u00f4ng ty n\u0103ng \u0111\u1ed9ng hi\u1ec3u r\u00f5 nhu c\u1ea7u c\u1ee7a b\u1ea1n v\u1ec1 s\u1ef1 linh ho\u1ea1t v\u00e0 coi tr\u1ecdng s\u1ef1 c\u00e2n b\u1eb1ng gi\u1eefa c\u00f4ng vi\u1ec7c v\u00e0 cu\u1ed9c s\u1ed1ng? Sau \u0111\u00f3, ki\u1ec3m tra c\u00e1c c\u00f4ng vi\u1ec7c c\u1ee7a ch\u00fang t\u00f4i trong khu v\u1ef1c c\u1ee7a b\u1ea1n.<\/p>\t\t\t\t\t\t<\/div>\n\t\t\t\t<\/div>\n\t\t\t\t<div class=\"elementor-element elementor-element-7835805 elementor-widget__width-initial elementor-widget-mobile__width-inherit elementor-widget elementor-widget-html\" data-id=\"7835805\" data-element_type=\"widget\" data-widget_type=\"html.default\">\n\t\t\t\t<div class=\"elementor-widget-container\">\n\t\t\t<iframe src=\"https:\/\/www2.appone.com\/Search\/Search.aspx?ServerVar=ThePeriscopeGroup.appone.com&amp;results=yes\" scrolling=\"no\" height=\"705px\"><\/iframe>\t\t<\/div>\n\t\t\t\t<\/div>\n\t\t\t\t<div class=\"elementor-element elementor-element-3317fbd elementor-widget-tablet__width-initial elementor-widget__width-initial elementor-widget-mobile__width-inherit elementor-hidden-desktop elementor-hidden-tablet elementor-hidden-phone elementor-widget elementor-widget-form\" data-id=\"3317fbd\" data-element_type=\"widget\" data-settings=\"{&quot;step_next_label&quot;:&quot;Ti\\u1ebfp theo&quot;,&quot;step_previous_label&quot;:&quot;Tr\\u01b0\\u1edbc&quot;,&quot;step_type&quot;:&quot;number_text&quot;,&quot;step_icon_shape&quot;:&quot;circle&quot;}\" data-widget_type=\"form.default\">\n\t\t\t\t<div class=\"elementor-widget-container\">\n\t\t\t\t\t<form class=\"elementor-form\" method=\"post\" name=\"H\u00ecnh th\u1ee9c m\u1edbi\">\n\t\t\t<input type=\"hidden\" name=\"post_id\" value=\"4195\"\/>\n\t\t\t<input type=\"hidden\" name=\"form_id\" value=\"3317fbd\"\/>\n\t\t\t<input type=\"hidden\" name=\"referer_title\" value=\"Periscope\" \/>\n\n\t\t\t\n\t\t\t<div class=\"elementor-form-fields-wrapper elementor-labels-\">\n\t\t\t\t\t\t\t\t<div class=\"elementor-field-type-text elementor-field-group elementor-column elementor-field-group-name elementor-col-50 elementor-field-required\">\n\t\t\t\t\t\t\t\t\t\t\t\t<label for=\"form-field-name\" class=\"elementor-field-label elementor-screen-only\">\n\t\t\t\t\t\t\t\tT\u00ean\t\t\t\t\t\t\t<\/label>\n\t\t\t\t\t\t\t\t\t\t\t\t\t\t<input size=\"1\" type=\"text\" name=\"form_fields[name]\" id=\"form-field-name\" class=\"elementor-field elementor-size-sm  elementor-field-textual\" placeholder=\"T\u00ean c\u1ee7a b\u1ea1n*\" required=\"required\" aria-required=\"true\">\n\t\t\t\t\t\t\t\t\t\t\t<\/div>\n\t\t\t\t\t\t\t\t<div class=\"elementor-field-type-text elementor-field-group elementor-column elementor-field-group-lastname elementor-col-50 elementor-field-required\">\n\t\t\t\t\t\t\t\t\t\t\t\t<label for=\"form-field-lastname\" class=\"elementor-field-label elementor-screen-only\">\n\t\t\t\t\t\t\t\tH\u1ecd\t\t\t\t\t\t\t<\/label>\n\t\t\t\t\t\t\t\t\t\t\t\t\t\t<input size=\"1\" type=\"text\" name=\"form_fields[lastname]\" id=\"form-field-lastname\" class=\"elementor-field elementor-size-sm  elementor-field-textual\" placeholder=\"H\u1ecd*\" required=\"required\" aria-required=\"true\">\n\t\t\t\t\t\t\t\t\t\t\t<\/div>\n\t\t\t\t\t\t\t\t<div class=\"elementor-field-type-tel elementor-field-group elementor-column elementor-field-group-field_475118b elementor-col-50 elementor-field-required\">\n\t\t\t\t\t\t\t\t\t\t\t\t<label for=\"form-field-field_475118b\" class=\"elementor-field-label elementor-screen-only\">\n\t\t\t\t\t\t\t\tS\u1ed1 \u0111i\u1ec7n tho\u1ea1i\t\t\t\t\t\t\t<\/label>\n\t\t\t\t\t\t\t\t<input size=\"1\" type=\"tel\" name=\"form_fields[field_475118b]\" id=\"form-field-field_475118b\" class=\"elementor-field elementor-size-sm  elementor-field-textual\" placeholder=\"S\u1ed1 \u0111i\u1ec7n tho\u1ea1i*\" required=\"required\" aria-required=\"true\" pattern=\"[0-9()#&amp;+*-=.]+\" title=\"Only numbers and phone characters (#, -, *, etc) are accepted.\">\n\n\t\t\t\t\t\t<\/div>\n\t\t\t\t\t\t\t\t<div class=\"elementor-field-type-text elementor-field-group elementor-column elementor-field-group-field_6b49562 elementor-col-50 elementor-field-required\">\n\t\t\t\t\t\t\t\t\t\t\t\t<label for=\"form-field-field_6b49562\" class=\"elementor-field-label elementor-screen-only\">\n\t\t\t\t\t\t\t\tTh\u00e0nh ph\u1ed1\t\t\t\t\t\t\t<\/label>\n\t\t\t\t\t\t\t\t\t\t\t\t\t\t<input size=\"1\" type=\"text\" name=\"form_fields[field_6b49562]\" id=\"form-field-field_6b49562\" class=\"elementor-field elementor-size-sm  elementor-field-textual\" placeholder=\"Th\u00e0nh ph\u1ed1*\" required=\"required\" aria-required=\"true\">\n\t\t\t\t\t\t\t\t\t\t\t<\/div>\n\t\t\t\t\t\t\t\t<div class=\"elementor-field-type-text elementor-field-group elementor-column elementor-field-group-field_e3afd59 elementor-col-50 elementor-field-required\">\n\t\t\t\t\t\t\t\t\t\t\t\t<label for=\"form-field-field_e3afd59\" class=\"elementor-field-label elementor-screen-only\">\n\t\t\t\t\t\t\t\tT\u00ecnh tr\u1ea1ng\t\t\t\t\t\t\t<\/label>\n\t\t\t\t\t\t\t\t\t\t\t\t\t\t<input size=\"1\" type=\"text\" name=\"form_fields[field_e3afd59]\" id=\"form-field-field_e3afd59\" class=\"elementor-field elementor-size-sm  elementor-field-textual\" placeholder=\"Tr\u1ea1ng th\u00e1i*\" required=\"required\" aria-required=\"true\">\n\t\t\t\t\t\t\t\t\t\t\t<\/div>\n\t\t\t\t\t\t\t\t<div class=\"elementor-field-type-email elementor-field-group elementor-column elementor-field-group-field_c8d3588 elementor-col-50 elementor-field-required\">\n\t\t\t\t\t\t\t\t\t\t\t\t<label for=\"form-field-field_c8d3588\" class=\"elementor-field-label elementor-screen-only\">\n\t\t\t\t\t\t\t\tE-mail\t\t\t\t\t\t\t<\/label>\n\t\t\t\t\t\t\t\t\t\t\t\t\t\t<input size=\"1\" type=\"email\" name=\"form_fields[field_c8d3588]\" id=\"form-field-field_c8d3588\" class=\"elementor-field elementor-size-sm  elementor-field-textual\" placeholder=\"E-mail*\" required=\"required\" aria-required=\"true\">\n\t\t\t\t\t\t\t\t\t\t\t<\/div>\n\t\t\t\t\t\t\t\t<div class=\"elementor-field-type-upload elementor-field-group elementor-column elementor-field-group-field_fa49fe9 elementor-col-100 elementor-field-required\">\n\t\t\t\t\t\t\t\t\t\t\t\t<label for=\"form-field-field_fa49fe9\" class=\"elementor-field-label elementor-screen-only\">\n\t\t\t\t\t\t\t\t\u0110\u00ednh k\u00e8m s\u01a1 y\u1ebfu l\u00fd l\u1ecbch c\u1ee7a b\u1ea1n nh\u1ea5p v\u00e0o \u0111\u00e2y\t\t\t\t\t\t\t<\/label>\n\t\t\t\t\t\t\t\t<input type=\"file\" name=\"form_fields[field_fa49fe9]\" id=\"form-field-field_fa49fe9\" class=\"elementor-field elementor-size-sm  elementor-upload-field\" required=\"required\" aria-required=\"true\">\n\n\t\t\t\t\t\t<\/div>\n\t\t\t\t\t\t\t\t<div class=\"elementor-field-group elementor-column elementor-field-type-submit elementor-col-100 e-form__buttons\">\n\t\t\t\t\t<button type=\"submit\" class=\"elementor-button elementor-size-sm\">\n\t\t\t\t\t\t<span >\n\t\t\t\t\t\t\t\t\t\t\t\t\t\t\t<span class=\" elementor-button-icon\">\n\t\t\t\t\t\t\t\t\t\t\t\t\t\t\t\t\t\t\t\t\t\t\t\t\t\t<\/span>\n\t\t\t\t\t\t\t\t\t\t\t\t\t\t\t\t\t\t\t\t\t\t<span class=\"elementor-button-text\">Xin vi\u1ec7c<\/span>\n\t\t\t\t\t\t\t\t\t\t\t\t\t<\/span>\n\t\t\t\t\t<\/button>\n\t\t\t\t<\/div>\n\t\t\t<\/div>\n\t\t<\/form>\n\t\t\t\t<\/div>\n\t\t\t\t<\/div>\n\t\t\t\t\t<\/div>\n\t\t<\/div>\n\t\t\t\t\t\t\t<\/div>\n\t\t<\/div>\n\t\t\t\t<section class=\"elementor-section elementor-top-section elementor-element elementor-element-ed001b8 elementor-section-boxed elementor-section-height-default elementor-section-height-default\" data-id=\"ed001b8\" data-element_type=\"section\">\n\t\t\t\t\t\t<div class=\"elementor-container elementor-column-gap-default\">\n\t\t\t\t\t<div class=\"elementor-column elementor-col-100 elementor-top-column elementor-element elementor-element-24a4fcd\" data-id=\"24a4fcd\" data-element_type=\"column\">\n\t\t\t<div class=\"elementor-widget-wrap elementor-element-populated\">\n\t\t\t\t\t\t\t\t<div class=\"elementor-element elementor-element-f0515f6 elementor-widget elementor-widget-html\" data-id=\"f0515f6\" data-element_type=\"widget\" data-widget_type=\"html.default\">\n\t\t\t\t<div class=\"elementor-widget-container\">\n\t\t\t<style>.footer-column.col-md-3 {\n    display: none;\n}\n<\/style>\t\t<\/div>\n\t\t\t\t<\/div>\n\t\t\t\t\t<\/div>\n\t\t<\/div>\n\t\t\t\t\t\t\t<\/div>\n\t\t<\/section>\n\t\t\t\t\t\t\t<\/div>\n\t\t","protected":false},"excerpt":{"rendered":"<p>L\u00e0m vi\u1ec7c v\u1edbi ch\u00fang t\u00f4i B\u1ea1n mu\u1ed1n l\u00e0m vi\u1ec7c trong m\u1ed9t c\u00f4ng ty n\u0103ng \u0111\u1ed9ng hi\u1ec3u r\u00f5 nhu c\u1ea7u c\u1ee7a b\u1ea1n v\u1ec1 s\u1ef1 linh&hellip;<\/p>\n","protected":false},"author":5,"featured_media":0,"parent":0,"menu_order":0,"comment_status":"closed","ping_status":"closed","template":"","meta":{"footnotes":""},"class_list":["post-4195","page","type-page","status-publish","hentry","no-view-share"],"yoast_head":"<!-- This site is optimized with the Yoast SEO plugin v23.8 - https:\/\/yoast.com\/wordpress\/plugins\/seo\/ -->\n<title>L\u00e0m vi\u1ec7c v\u1edbi ch\u00fang t\u00f4i | Periscope<\/title>\n<meta name=\"description\" content=\"Our expert, objective, and timely assessments provide clients critical information, otherwise unavailable to them, to improve their decision-making accuracy.\" \/>\n<meta name=\"robots\" content=\"index, follow, max-snippet:-1, max-image-preview:large, max-video-preview:-1\" \/>\n<link rel=\"canonical\" href=\"https:\/\/stage-wp.periscope365.com\/work-with-us\/\" \/>\n<meta property=\"og:locale\" content=\"vi_VN\" \/>\n<meta property=\"og:type\" content=\"article\" \/>\n<meta property=\"og:title\" content=\"L\u00e0m vi\u1ec7c v\u1edbi ch\u00fang t\u00f4i | Periscope\" \/>\n<meta property=\"og:description\" content=\"Our expert, objective, and timely assessments provide clients critical information, otherwise unavailable to them, to improve their decision-making accuracy.\" \/>\n<meta property=\"og:url\" content=\"https:\/\/stage-wp.periscope365.com\/work-with-us\/\" \/>\n<meta property=\"og:site_name\" content=\"Periscope\" \/>\n<meta property=\"article:modified_time\" content=\"2022-05-03T15:51:09+00:00\" \/>\n<meta property=\"og:image\" content=\"https:\/\/stage-wp.periscope365.com\/wp-content\/uploads\/2024\/10\/BigPeriscopeLogo.png\" \/>\n\t<meta property=\"og:image:width\" content=\"547\" \/>\n\t<meta property=\"og:image:height\" content=\"492\" \/>\n\t<meta property=\"og:image:type\" content=\"image\/png\" \/>\n<meta name=\"twitter:card\" content=\"summary_large_image\" \/>\n<script type=\"application\/ld+json\" class=\"yoast-schema-graph\">{\"@context\":\"https:\/\/schema.org\",\"@graph\":[{\"@type\":\"WebPage\",\"@id\":\"https:\/\/stage-wp.periscope365.com\/work-with-us\/\",\"url\":\"https:\/\/stage-wp.periscope365.com\/work-with-us\/\",\"name\":\"L\u00e0m vi\u1ec7c v\u1edbi ch\u00fang t\u00f4i | Periscope\",\"isPartOf\":{\"@id\":\"https:\/\/stage-wp.periscope365.com\/#website\"},\"datePublished\":\"2021-06-29T12:45:09+00:00\",\"dateModified\":\"2022-05-03T15:51:09+00:00\",\"description\":\"Our expert, objective, and timely assessments provide clients critical information, otherwise unavailable to them, to improve their decision-making accuracy.\",\"breadcrumb\":{\"@id\":\"https:\/\/stage-wp.periscope365.com\/work-with-us\/#breadcrumb\"},\"inLanguage\":\"vi-VN\",\"potentialAction\":[{\"@type\":\"ReadAction\",\"target\":[\"https:\/\/stage-wp.periscope365.com\/work-with-us\/\"]}]},{\"@type\":\"BreadcrumbList\",\"@id\":\"https:\/\/stage-wp.periscope365.com\/work-with-us\/#breadcrumb\",\"itemListElement\":[{\"@type\":\"ListItem\",\"position\":1,\"name\":\"Home\",\"item\":\"https:\/\/stage-wp.periscope365.com\/\"},{\"@type\":\"ListItem\",\"position\":2,\"name\":\"L\u00e0m vi\u1ec7c v\u1edbi ch\u00fang t\u00f4i\"}]},{\"@type\":\"WebSite\",\"@id\":\"https:\/\/stage-wp.periscope365.com\/#website\",\"url\":\"https:\/\/stage-wp.periscope365.com\/\",\"name\":\"periscope365.com\",\"description\":\"Home Care\",\"publisher\":{\"@id\":\"https:\/\/stage-wp.periscope365.com\/#organization\"},\"potentialAction\":[{\"@type\":\"SearchAction\",\"target\":{\"@type\":\"EntryPoint\",\"urlTemplate\":\"https:\/\/stage-wp.periscope365.com\/?s={search_term_string}\"},\"query-input\":{\"@type\":\"PropertyValueSpecification\",\"valueRequired\":true,\"valueName\":\"search_term_string\"}}],\"inLanguage\":\"vi-VN\"},{\"@type\":\"Organization\",\"@id\":\"https:\/\/stage-wp.periscope365.com\/#organization\",\"name\":\"Periscope\",\"url\":\"https:\/\/stage-wp.periscope365.com\/\",\"logo\":{\"@type\":\"ImageObject\",\"inLanguage\":\"vi-VN\",\"@id\":\"https:\/\/stage-wp.periscope365.com\/#\/schema\/logo\/image\/\",\"url\":\"https:\/\/stage-wp.periscope365.com\/wp-content\/uploads\/2024\/10\/BigPeriscopeLogo.png\",\"contentUrl\":\"https:\/\/stage-wp.periscope365.com\/wp-content\/uploads\/2024\/10\/BigPeriscopeLogo.png\",\"width\":547,\"height\":492,\"caption\":\"Periscope\"},\"image\":{\"@id\":\"https:\/\/stage-wp.periscope365.com\/#\/schema\/logo\/image\/\"}}]}<\/script>\n<!-- \/ Yoast SEO plugin. -->","yoast_head_json":{"title":"L\u00e0m vi\u1ec7c v\u1edbi ch\u00fang t\u00f4i | Periscope","description":"Our expert, objective, and timely assessments provide clients critical information, otherwise unavailable to them, to improve their decision-making accuracy.","robots":{"index":"index","follow":"follow","max-snippet":"max-snippet:-1","max-image-preview":"max-image-preview:large","max-video-preview":"max-video-preview:-1"},"canonical":"https:\/\/stage-wp.periscope365.com\/work-with-us\/","og_locale":"vi_VN","og_type":"article","og_title":"L\u00e0m vi\u1ec7c v\u1edbi ch\u00fang t\u00f4i | Periscope","og_description":"Our expert, objective, and timely assessments provide clients critical information, otherwise unavailable to them, to improve their decision-making accuracy.","og_url":"https:\/\/stage-wp.periscope365.com\/work-with-us\/","og_site_name":"Periscope","article_modified_time":"2022-05-03T15:51:09+00:00","og_image":[{"width":547,"height":492,"url":"https:\/\/stage-wp.periscope365.com\/wp-content\/uploads\/2024\/10\/BigPeriscopeLogo.png","type":"image\/png"}],"twitter_card":"summary_large_image","schema":{"@context":"https:\/\/schema.org","@graph":[{"@type":"WebPage","@id":"https:\/\/stage-wp.periscope365.com\/work-with-us\/","url":"https:\/\/stage-wp.periscope365.com\/work-with-us\/","name":"L\u00e0m vi\u1ec7c v\u1edbi ch\u00fang t\u00f4i | Periscope","isPartOf":{"@id":"https:\/\/stage-wp.periscope365.com\/#website"},"datePublished":"2021-06-29T12:45:09+00:00","dateModified":"2022-05-03T15:51:09+00:00","description":"Our expert, objective, and timely assessments provide clients critical information, otherwise unavailable to them, to improve their decision-making accuracy.","breadcrumb":{"@id":"https:\/\/stage-wp.periscope365.com\/work-with-us\/#breadcrumb"},"inLanguage":"vi-VN","potentialAction":[{"@type":"ReadAction","target":["https:\/\/stage-wp.periscope365.com\/work-with-us\/"]}]},{"@type":"BreadcrumbList","@id":"https:\/\/stage-wp.periscope365.com\/work-with-us\/#breadcrumb","itemListElement":[{"@type":"ListItem","position":1,"name":"Home","item":"https:\/\/stage-wp.periscope365.com\/"},{"@type":"ListItem","position":2,"name":"L\u00e0m vi\u1ec7c v\u1edbi ch\u00fang t\u00f4i"}]},{"@type":"WebSite","@id":"https:\/\/stage-wp.periscope365.com\/#website","url":"https:\/\/stage-wp.periscope365.com\/","name":"periscope365.com","description":"Home Care","publisher":{"@id":"https:\/\/stage-wp.periscope365.com\/#organization"},"potentialAction":[{"@type":"SearchAction","target":{"@type":"EntryPoint","urlTemplate":"https:\/\/stage-wp.periscope365.com\/?s={search_term_string}"},"query-input":{"@type":"PropertyValueSpecification","valueRequired":true,"valueName":"search_term_string"}}],"inLanguage":"vi-VN"},{"@type":"Organization","@id":"https:\/\/stage-wp.periscope365.com\/#organization","name":"Periscope","url":"https:\/\/stage-wp.periscope365.com\/","logo":{"@type":"ImageObject","inLanguage":"vi-VN","@id":"https:\/\/stage-wp.periscope365.com\/#\/schema\/logo\/image\/","url":"https:\/\/stage-wp.periscope365.com\/wp-content\/uploads\/2024\/10\/BigPeriscopeLogo.png","contentUrl":"https:\/\/stage-wp.periscope365.com\/wp-content\/uploads\/2024\/10\/BigPeriscopeLogo.png","width":547,"height":492,"caption":"Periscope"},"image":{"@id":"https:\/\/stage-wp.periscope365.com\/#\/schema\/logo\/image\/"}}]}},"_links":{"self":[{"href":"https:\/\/stage-wp.periscope365.com\/vi\/wp-json\/wp\/v2\/pages\/4195"}],"collection":[{"href":"https:\/\/stage-wp.periscope365.com\/vi\/wp-json\/wp\/v2\/pages"}],"about":[{"href":"https:\/\/stage-wp.periscope365.com\/vi\/wp-json\/wp\/v2\/types\/page"}],"author":[{"embeddable":true,"href":"https:\/\/stage-wp.periscope365.com\/vi\/wp-json\/wp\/v2\/users\/5"}],"replies":[{"embeddable":true,"href":"https:\/\/stage-wp.periscope365.com\/vi\/wp-json\/wp\/v2\/comments?post=4195"}],"version-history":[{"count":3,"href":"https:\/\/stage-wp.periscope365.com\/vi\/wp-json\/wp\/v2\/pages\/4195\/revisions"}],"predecessor-version":[{"id":4198,"href":"https:\/\/stage-wp.periscope365.com\/vi\/wp-json\/wp\/v2\/pages\/4195\/revisions\/4198"}],"wp:attachment":[{"href":"https:\/\/stage-wp.periscope365.com\/vi\/wp-json\/wp\/v2\/media?parent=4195"}],"curies":[{"name":"wp","href":"https:\/\/api.w.org\/{rel}","templated":true}]}}